{"id":19,"date":"2024-08-15T17:54:20","date_gmt":"2024-08-15T17:54:20","guid":{"rendered":"http:\/\/www.kms-hub.com\/blog\/?page_id=19"},"modified":"2024-08-25T18:06:27","modified_gmt":"2024-08-25T18:06:27","slug":"kontakt","status":"publish","type":"page","link":"https:\/\/www.kms-hub.com\/blog\/kontakt\/","title":{"rendered":"Kontakt"},"content":{"rendered":"<div class=\"wpforms-container wpforms-container-full wpforms-block wpforms-block-5febf389-fae8-4147-aa30-4c38a6744ceb wpforms-render-modern\" id=\"wpforms-21\"><form id=\"wpforms-form-21\" class=\"wpforms-validate wpforms-form wpforms-ajax-form\" data-formid=\"21\" method=\"post\" enctype=\"multipart\/form-data\" action=\"\/blog\/wp-json\/wp\/v2\/pages\/19\" data-token=\"62b7dfe1231440173e2dbce0519bb5d9\" data-token-time=\"1776517934\"><noscript class=\"wpforms-error-noscript\">Aby wype\u0142ni\u0107 ten formularz, w\u0142\u0105cz obs\u0142ug\u0119 JavaScript w przegl\u0105darce.<\/noscript><div id=\"wpforms-error-noscript\" style=\"display: none;\">Aby wype\u0142ni\u0107 ten formularz, w\u0142\u0105cz obs\u0142ug\u0119 JavaScript w przegl\u0105darce.<\/div><div class=\"wpforms-field-container\"><div id=\"wpforms-21-field_5-container\" class=\"wpforms-field wpforms-field-text\" data-field-id=\"5\"><label class=\"wpforms-field-label\" for=\"wpforms-21-field_5\">Numer telefonu do Pani\/Pana<\/label><input type=\"text\" id=\"wpforms-21-field_5\" class=\"wpforms-field-medium\" name=\"wpforms[fields][5]\" aria-errormessage=\"wpforms-21-field_5-error\" ><\/div><div id=\"wpforms-21-field_1-container\" class=\"wpforms-field wpforms-field-name\" data-field-id=\"1\"><fieldset><legend class=\"wpforms-field-label\">Imi\u0119 i nazwisko <span class=\"wpforms-required-label\" aria-hidden=\"true\">*<\/span><\/legend><div class=\"wpforms-field-row wpforms-field-medium\"><div class=\"wpforms-field-row-block wpforms-first wpforms-one-half\"><input type=\"text\" id=\"wpforms-21-field_1\" class=\"wpforms-field-name-first wpforms-field-required\" name=\"wpforms[fields][1][first]\" aria-errormessage=\"wpforms-21-field_1-error\" required><label for=\"wpforms-21-field_1\" class=\"wpforms-field-sublabel after\">Imi\u0119<\/label><\/div><div class=\"wpforms-field-row-block wpforms-one-half\"><input type=\"text\" id=\"wpforms-21-field_1-last\" class=\"wpforms-field-name-last wpforms-field-required\" name=\"wpforms[fields][1][last]\" aria-errormessage=\"wpforms-21-field_1-last-error\" required><label for=\"wpforms-21-field_1-last\" class=\"wpforms-field-sublabel after\">Nazwisko<\/label><\/div><\/div><\/fieldset><\/div><div id=\"wpforms-21-field_2-container\" class=\"wpforms-field wpforms-field-email\" data-field-id=\"2\"><label class=\"wpforms-field-label\" for=\"wpforms-21-field_2\">Adres e-mail do Pani\/Pana <span class=\"wpforms-required-label\" aria-hidden=\"true\">*<\/span><\/label><input type=\"email\" id=\"wpforms-21-field_2\" class=\"wpforms-field-medium wpforms-field-required\" name=\"wpforms[fields][2]\" spellcheck=\"false\" aria-errormessage=\"wpforms-21-field_2-error\" required><\/div><div id=\"wpforms-21-field_3-container\" class=\"wpforms-field wpforms-field-textarea\" data-field-id=\"3\"><label class=\"wpforms-field-label\" for=\"wpforms-21-field_3\">Tre\u015b\u0107 Pa\u0144stwa wiadomo\u015bci <span class=\"wpforms-required-label\" aria-hidden=\"true\">*<\/span><\/label><textarea id=\"wpforms-21-field_3\" class=\"wpforms-field-medium wpforms-field-required\" name=\"wpforms[fields][3]\" aria-errormessage=\"wpforms-21-field_3-error\" required><\/textarea><\/div>\t\t<div id=\"wpforms-21-field_6-container\"\n\t\t\tclass=\"wpforms-field wpforms-field-text\"\n\t\t\tdata-field-type=\"text\"\n\t\t\tdata-field-id=\"6\"\n\t\t\t>\n\t\t\t<label class=\"wpforms-field-label\" for=\"wpforms-21-field_6\" >Imi\u0119 Pani\/Pana nazwisko<\/label>\n\t\t\t<input type=\"text\" id=\"wpforms-21-field_6\" class=\"wpforms-field-medium\" name=\"wpforms[fields][6]\" >\n\t\t<\/div>\n\t\t<div id=\"wpforms-21-field_4-container\" class=\"wpforms-field wpforms-field-checkbox\" data-field-id=\"4\"><fieldset><legend class=\"wpforms-field-label\">Jak si\u0119 o Pani\/Pan o nas dowiedzia\u0142\/-a?<\/legend><ul id=\"wpforms-21-field_4\"><li class=\"choice-1 depth-1\"><input type=\"checkbox\" id=\"wpforms-21-field_4_1\" name=\"wpforms[fields][4][]\" value=\"przez znajomych\" aria-errormessage=\"wpforms-21-field_4_1-error\"  ><label class=\"wpforms-field-label-inline\" for=\"wpforms-21-field_4_1\">przez znajomych<\/label><\/li><li class=\"choice-2 depth-1\"><input type=\"checkbox\" id=\"wpforms-21-field_4_2\" name=\"wpforms[fields][4][]\" value=\"przez Facebook\" aria-errormessage=\"wpforms-21-field_4_2-error\"  ><label class=\"wpforms-field-label-inline\" for=\"wpforms-21-field_4_2\">przez Facebook<\/label><\/li><li class=\"choice-4 depth-1\"><input type=\"checkbox\" id=\"wpforms-21-field_4_4\" name=\"wpforms[fields][4][]\" value=\"przez afisze reklamowe w Izbicy i okolicach\" aria-errormessage=\"wpforms-21-field_4_4-error\"  ><label class=\"wpforms-field-label-inline\" for=\"wpforms-21-field_4_4\">przez afisze reklamowe w Izbicy i okolicach<\/label><\/li><li class=\"choice-3 depth-1\"><input type=\"checkbox\" id=\"wpforms-21-field_4_3\" name=\"wpforms[fields][4][]\" value=\"w inny spos\u00f3b\" aria-errormessage=\"wpforms-21-field_4_3-error\"  ><label class=\"wpforms-field-label-inline\" for=\"wpforms-21-field_4_3\">w inny spos\u00f3b<\/label><\/li><\/ul><\/fieldset><\/div><script>\n\t\t\t\t( function() {\n\t\t\t\t\tconst style = document.createElement( 'style' );\n\t\t\t\t\tstyle.appendChild( document.createTextNode( '#wpforms-21-field_6-container { position: absolute !important; overflow: hidden !important; display: inline !important; height: 1px !important; width: 1px !important; z-index: -1000 !important; padding: 0 !important; } #wpforms-21-field_6-container input { visibility: hidden; } #wpforms-conversational-form-page #wpforms-21-field_6-container label { counter-increment: none; }' ) );\n\t\t\t\t\tdocument.head.appendChild( style );\n\t\t\t\t\tdocument.currentScript?.remove();\n\t\t\t\t} )();\n\t\t\t<\/script><\/div><!-- .wpforms-field-container --><div class=\"wpforms-submit-container\" ><input type=\"hidden\" name=\"wpforms[id]\" value=\"21\"><input type=\"hidden\" name=\"page_title\" value=\"\"><input type=\"hidden\" name=\"page_url\" value=\"https:\/\/www.kms-hub.com\/blog\/wp-json\/wp\/v2\/pages\/19\"><input type=\"hidden\" name=\"url_referer\" value=\"\"><button type=\"submit\" name=\"wpforms[submit]\" id=\"wpforms-submit-21\" class=\"wpforms-submit\" data-alt-text=\"Wysy\u0142anie...\" data-submit-text=\"Prze\u015blij\" aria-live=\"assertive\" value=\"wpforms-submit\">Prze\u015blij<\/button><img decoding=\"async\" src=\"https:\/\/www.kms-hub.com\/blog\/wp-content\/plugins\/wpforms-lite\/assets\/images\/submit-spin.svg\" class=\"wpforms-submit-spinner\" style=\"display: none;\" width=\"26\" height=\"26\" alt=\"Wczytywanie\"><\/div><\/form><\/div>  <!-- .wpforms-container -->\n\n\n<figure class=\"wp-block-image aligncenter\"><img decoding=\"async\" src=\"http:\/\/www.kms-hub.com\/blog\/wp-content\/uploads\/2024\/08\/zielone-izbica.jpg\" alt=\"\"\/><\/figure>\n\n\n\n<h1 class=\"wp-block-heading has-text-align-center\">Zapytania mailowe<\/h1>\n\n\n\n<h1 class=\"wp-block-heading has-text-align-center\">w sprawach t\u0142umacze\u0144:<\/h1>\n\n\n\n<figure class=\"wp-block-image aligncenter\"><img decoding=\"async\" src=\"https:\/\/www.kms-hub.com\/blog\/wp-content\/uploads\/2024\/08\/t-r-a-n-s-l-a-t-i-o-n-s.gif\" alt=\"\"\/><\/figure>\n\n\n\n<p><\/p>\n","protected":false},"excerpt":{"rendered":"<p>Zapytania mailowe w sprawach t\u0142umacze\u0144:<\/p>\n","protected":false},"author":1,"featured_media":0,"parent":0,"menu_order":0,"comment_status":"closed","ping_status":"closed","template":"","meta":{"footnotes":""},"class_list":["post-19","page","type-page","status-publish","hentry"],"_links":{"self":[{"href":"https:\/\/www.kms-hub.com\/blog\/wp-json\/wp\/v2\/pages\/19","targetHints":{"allow":["GET"]}}],"collection":[{"href":"https:\/\/www.kms-hub.com\/blog\/wp-json\/wp\/v2\/pages"}],"about":[{"href":"https:\/\/www.kms-hub.com\/blog\/wp-json\/wp\/v2\/types\/page"}],"author":[{"embeddable":true,"href":"https:\/\/www.kms-hub.com\/blog\/wp-json\/wp\/v2\/users\/1"}],"replies":[{"embeddable":true,"href":"https:\/\/www.kms-hub.com\/blog\/wp-json\/wp\/v2\/comments?post=19"}],"version-history":[{"count":13,"href":"https:\/\/www.kms-hub.com\/blog\/wp-json\/wp\/v2\/pages\/19\/revisions"}],"predecessor-version":[{"id":91,"href":"https:\/\/www.kms-hub.com\/blog\/wp-json\/wp\/v2\/pages\/19\/revisions\/91"}],"wp:attachment":[{"href":"https:\/\/www.kms-hub.com\/blog\/wp-json\/wp\/v2\/media?parent=19"}],"curies":[{"name":"wp","href":"https:\/\/api.w.org\/{rel}","templated":true}]}}